{"id":5289,"date":"2025-07-22T09:36:40","date_gmt":"2025-07-22T14:36:40","guid":{"rendered":"https:\/\/test.azultourquesa.com\/?page_id=5289"},"modified":"2025-07-23T14:12:42","modified_gmt":"2025-07-23T19:12:42","slug":"nuevo-mexico","status":"publish","type":"page","link":"https:\/\/azultourquesa.com\/en\/nuevo-mexico\/","title":{"rendered":"New Mexico"},"content":{"rendered":"<div data-elementor-type=\"wp-page\" data-elementor-id=\"5289\" class=\"elementor elementor-5289\" data-elementor-post-type=\"page\">\n\t\t\t\t<div class=\"elementor-element elementor-element-060abf5 e-flex e-con-boxed e-con e-parent\" data-id=\"060abf5\" data-element_type=\"container\" data-e-type=\"container\" data-settings=\"{&quot;background_background&quot;:&quot;classic&quot;}\">\n\t\t\t\t\t<div class=\"e-con-inner\">\n\t\t\t\t<div class=\"elementor-element elementor-element-29c10c4 elementor-widget-mobile__width-inherit elementor-widget elementor-widget-heading\" data-id=\"29c10c4\" data-element_type=\"widget\" data-e-type=\"widget\" data-widget_type=\"heading.default\">\n\t\t\t\t<div class=\"elementor-widget-container\">\n\t\t\t\t\t<h2 class=\"elementor-heading-title elementor-size-default\">GALER\u00cdA<\/h2>\t\t\t\t<\/div>\n\t\t\t\t<\/div>\n\t\t\t\t\t<\/div>\n\t\t\t\t<\/div>\n\t\t<div class=\"elementor-element elementor-element-ede2bf2 e-flex e-con-boxed e-con e-parent\" data-id=\"ede2bf2\" data-element_type=\"container\" data-e-type=\"container\">\n\t\t\t\t\t<div class=\"e-con-inner\">\n\t\t\t\t<div class=\"elementor-element elementor-element-9236067 elementor-widget-mobile__width-inherit elementor-widget__width-initial elementor-widget elementor-widget-heading\" data-id=\"9236067\" data-element_type=\"widget\" data-e-type=\"widget\" data-widget_type=\"heading.default\">\n\t\t\t\t<div class=\"elementor-widget-container\">\n\t\t\t\t\t<style>.elementor-element-9236067{display:none !important}<\/style>\t\t\t\t<\/div>\n\t\t\t\t<\/div>\n\t\t\t\t<div class=\"elementor-element elementor-element-b7752ac elementor-widget-mobile__width-inherit elementor-widget__width-initial elementor-widget elementor-widget-heading\" data-id=\"b7752ac\" data-element_type=\"widget\" data-e-type=\"widget\" data-widget_type=\"heading.default\">\n\t\t\t\t<div class=\"elementor-widget-container\">\n\t\t\t\t\t<h2 class=\"elementor-heading-title elementor-size-default\"><a href=\"\/en\/lee-manning-discovers-new-mexico\/\">Lee Manning Discovers New Mexico\n<\/a><\/h2>\t\t\t\t<\/div>\n\t\t\t\t<\/div>\n\t\t\t\t<div class=\"elementor-element elementor-element-a0077f0 elementor-widget elementor-widget-gallery\" data-id=\"a0077f0\" data-element_type=\"widget\" data-e-type=\"widget\" data-settings=\"{&quot;gallery_layout&quot;:&quot;justified&quot;,&quot;ideal_row_height&quot;:{&quot;unit&quot;:&quot;px&quot;,&quot;size&quot;:310,&quot;sizes&quot;:[]},&quot;gap&quot;:{&quot;unit&quot;:&quot;px&quot;,&quot;size&quot;:11,&quot;sizes&quot;:[]},&quot;lazyload&quot;:&quot;yes&quot;,&quot;ideal_row_height_tablet&quot;:{&quot;unit&quot;:&quot;px&quot;,&quot;size&quot;:150,&quot;sizes&quot;:[]},&quot;ideal_row_height_mobile&quot;:{&quot;unit&quot;:&quot;px&quot;,&quot;size&quot;:150,&quot;sizes&quot;:[]},&quot;gap_tablet&quot;:{&quot;unit&quot;:&quot;px&quot;,&quot;size&quot;:10,&quot;sizes&quot;:[]},&quot;gap_mobile&quot;:{&quot;unit&quot;:&quot;px&quot;,&quot;size&quot;:10,&quot;sizes&quot;:[]},&quot;link_to&quot;:&quot;file&quot;,&quot;overlay_background&quot;:&quot;yes&quot;,&quot;content_hover_animation&quot;:&quot;fade-in&quot;}\" data-widget_type=\"gallery.default\">\n\t\t\t\t<div class=\"elementor-widget-container\">\n\t\t\t\t\t\t\t<div class=\"elementor-gallery__container\">\n\t\t\t\t\t\t\t<a class=\"e-gallery-item elementor-gallery-item elementor-animated-content\" href=\"https:\/\/azultourquesa.com\/wp-content\/uploads\/2016\/03\/Lee-Manning-4.jpg\" data-elementor-open-lightbox=\"yes\" data-elementor-lightbox-slideshow=\"a0077f0\" data-elementor-lightbox-title=\"Lee Manning\" data-e-action-hash=\"#elementor-action%3Aaction%3Dlightbox%26settings%3DeyJpZCI6MzQyMywidXJsIjoiaHR0cHM6XC9cL2F6dWx0b3VycXVlc2EuY29tXC93cC1jb250ZW50XC91cGxvYWRzXC8yMDE2XC8wM1wvTGVlLU1hbm5pbmctNC5qcGciLCJzbGlkZXNob3ciOiJhMDA3N2YwIn0%3D\">\n\t\t\t\t\t<div class=\"e-gallery-image elementor-gallery-item__image\" data-thumbnail=\"https:\/\/azultourquesa.com\/wp-content\/uploads\/2016\/03\/Lee-Manning-4.jpg\" data-width=\"900\" data-height=\"600\" aria-label=\"nuevo mexico - lee manning\" role=\"img\" ><\/div>\n\t\t\t\t\t\t\t\t\t\t\t<div class=\"elementor-gallery-item__overlay\"><\/div>\n\t\t\t\t\t\t\t\t\t\t\t\t\t\t<\/a>\n\t\t\t\t\t\t\t<a class=\"e-gallery-item elementor-gallery-item elementor-animated-content\" href=\"https:\/\/azultourquesa.com\/wp-content\/uploads\/2016\/02\/LeePhoto-2.jpeg\" data-elementor-open-lightbox=\"yes\" data-elementor-lightbox-slideshow=\"a0077f0\" data-elementor-lightbox-title=\"Lee Manning\" data-e-action-hash=\"#elementor-action%3Aaction%3Dlightbox%26settings%3DeyJpZCI6MzI3NiwidXJsIjoiaHR0cHM6XC9cL2F6dWx0b3VycXVlc2EuY29tXC93cC1jb250ZW50XC91cGxvYWRzXC8yMDE2XC8wMlwvTGVlUGhvdG8tMi5qcGVnIiwic2xpZGVzaG93IjoiYTAwNzdmMCJ9\">\n\t\t\t\t\t<div class=\"e-gallery-image elementor-gallery-item__image\" data-thumbnail=\"https:\/\/azultourquesa.com\/wp-content\/uploads\/2016\/02\/LeePhoto-2.jpeg\" data-width=\"600\" data-height=\"900\" aria-label=\"nuevo mexico - plaza blanca\" role=\"img\" ><\/div>\n\t\t\t\t\t\t\t\t\t\t\t<div class=\"elementor-gallery-item__overlay\"><\/div>\n\t\t\t\t\t\t\t\t\t\t\t\t\t\t<\/a>\n\t\t\t\t\t\t\t<a class=\"e-gallery-item elementor-gallery-item elementor-animated-content\" href=\"https:\/\/azultourquesa.com\/wp-content\/uploads\/2016\/02\/relfections-e1454707055265.jpg\" data-elementor-open-lightbox=\"yes\" data-elementor-lightbox-slideshow=\"a0077f0\" data-elementor-lightbox-title=\"Morning Reflections\" data-e-action-hash=\"#elementor-action%3Aaction%3Dlightbox%26settings%3DeyJpZCI6MzI2MywidXJsIjoiaHR0cHM6XC9cL2F6dWx0b3VycXVlc2EuY29tXC93cC1jb250ZW50XC91cGxvYWRzXC8yMDE2XC8wMlwvcmVsZmVjdGlvbnMtZTE0NTQ3MDcwNTUyNjUuanBnIiwic2xpZGVzaG93IjoiYTAwNzdmMCJ9\">\n\t\t\t\t\t<div class=\"e-gallery-image elementor-gallery-item__image\" data-thumbnail=\"https:\/\/azultourquesa.com\/wp-content\/uploads\/2016\/02\/relfections-e1454707055265.jpg\" data-width=\"900\" data-height=\"600\" aria-label=\"nuevo mexico - landscape\" role=\"img\" ><\/div>\n\t\t\t\t\t\t\t\t\t\t\t<div class=\"elementor-gallery-item__overlay\"><\/div>\n\t\t\t\t\t\t\t\t\t\t\t\t\t\t<\/a>\n\t\t\t\t\t\t\t<a class=\"e-gallery-item elementor-gallery-item elementor-animated-content\" href=\"https:\/\/azultourquesa.com\/wp-content\/uploads\/2016\/02\/Cemetery-e1454706751790.jpg\" data-elementor-open-lightbox=\"yes\" data-elementor-lightbox-slideshow=\"a0077f0\" data-elementor-lightbox-title=\"Alone in the cemetery\" data-e-action-hash=\"#elementor-action%3Aaction%3Dlightbox%26settings%3DeyJpZCI6MzI1OSwidXJsIjoiaHR0cHM6XC9cL2F6dWx0b3VycXVlc2EuY29tXC93cC1jb250ZW50XC91cGxvYWRzXC8yMDE2XC8wMlwvQ2VtZXRlcnktZTE0NTQ3MDY3NTE3OTAuanBnIiwic2xpZGVzaG93IjoiYTAwNzdmMCJ9\">\n\t\t\t\t\t<div class=\"e-gallery-image elementor-gallery-item__image\" data-thumbnail=\"https:\/\/azultourquesa.com\/wp-content\/uploads\/2016\/02\/Cemetery-e1454706751790.jpg\" data-width=\"900\" data-height=\"600\" aria-label=\"nuevo mexico - cemetery\" role=\"img\" ><\/div>\n\t\t\t\t\t\t\t\t\t\t\t<div class=\"elementor-gallery-item__overlay\"><\/div>\n\t\t\t\t\t\t\t\t\t\t\t\t\t\t<\/a>\n\t\t\t\t\t\t\t<a class=\"e-gallery-item elementor-gallery-item elementor-animated-content\" href=\"https:\/\/azultourquesa.com\/wp-content\/uploads\/2016\/02\/Kiva-e1454706813211.jpg\" data-elementor-open-lightbox=\"yes\" data-elementor-lightbox-slideshow=\"a0077f0\" data-elementor-lightbox-title=\"Sacred Pueblo Kiva\" data-e-action-hash=\"#elementor-action%3Aaction%3Dlightbox%26settings%3DeyJpZCI6MzI2MiwidXJsIjoiaHR0cHM6XC9cL2F6dWx0b3VycXVlc2EuY29tXC93cC1jb250ZW50XC91cGxvYWRzXC8yMDE2XC8wMlwvS2l2YS1lMTQ1NDcwNjgxMzIxMS5qcGciLCJzbGlkZXNob3ciOiJhMDA3N2YwIn0%3D\">\n\t\t\t\t\t<div class=\"e-gallery-image elementor-gallery-item__image\" data-thumbnail=\"https:\/\/azultourquesa.com\/wp-content\/uploads\/2016\/02\/Kiva-e1454706813211.jpg\" data-width=\"900\" data-height=\"600\" aria-label=\"nuevo mexico - kiva\" role=\"img\" ><\/div>\n\t\t\t\t\t\t\t\t\t\t\t<div class=\"elementor-gallery-item__overlay\"><\/div>\n\t\t\t\t\t\t\t\t\t\t\t\t\t\t<\/a>\n\t\t\t\t\t\t\t<a class=\"e-gallery-item elementor-gallery-item elementor-animated-content\" href=\"https:\/\/azultourquesa.com\/wp-content\/uploads\/2015\/12\/Dance-3.jpg\" data-elementor-open-lightbox=\"yes\" data-elementor-lightbox-slideshow=\"a0077f0\" data-elementor-lightbox-title=\"Deer dancers\" data-e-action-hash=\"#elementor-action%3Aaction%3Dlightbox%26settings%3DeyJpZCI6MzIxMiwidXJsIjoiaHR0cHM6XC9cL2F6dWx0b3VycXVlc2EuY29tXC93cC1jb250ZW50XC91cGxvYWRzXC8yMDE1XC8xMlwvRGFuY2UtMy5qcGciLCJzbGlkZXNob3ciOiJhMDA3N2YwIn0%3D\">\n\t\t\t\t\t<div class=\"e-gallery-image elementor-gallery-item__image\" data-thumbnail=\"https:\/\/azultourquesa.com\/wp-content\/uploads\/2015\/12\/Dance-3.jpg\" data-width=\"900\" data-height=\"600\" aria-label=\"nuevo mexico - pueblo dancers\" role=\"img\" ><\/div>\n\t\t\t\t\t\t\t\t\t\t\t<div class=\"elementor-gallery-item__overlay\"><\/div>\n\t\t\t\t\t\t\t\t\t\t\t\t\t\t<\/a>\n\t\t\t\t\t<\/div>\n\t\t\t\t\t<\/div>\n\t\t\t\t<\/div>\n\t\t\t\t<div class=\"elementor-element elementor-element-3373614 elementor-widget-mobile__width-inherit elementor-widget__width-initial elementor-widget elementor-widget-heading\" data-id=\"3373614\" data-element_type=\"widget\" data-e-type=\"widget\" data-widget_type=\"heading.default\">\n\t\t\t\t<div class=\"elementor-widget-container\">\n\t\t\t\t\t<style>.elementor-element-3373614{display:none !important}<\/style>\t\t\t\t<\/div>\n\t\t\t\t<\/div>\n\t\t\t\t<div class=\"elementor-element elementor-element-9735d43 elementor-widget-mobile__width-inherit elementor-widget__width-initial elementor-widget elementor-widget-heading\" data-id=\"9735d43\" data-element_type=\"widget\" data-e-type=\"widget\" data-widget_type=\"heading.default\">\n\t\t\t\t<div class=\"elementor-widget-container\">\n\t\t\t\t\t<h2 class=\"elementor-heading-title elementor-size-default\"><a href=\"\/en\/landscapes-of-georgia-okeeffe\/\">The Captivating Landscapes of Georgia O\u2019Keeffe\n<\/a><\/h2>\t\t\t\t<\/div>\n\t\t\t\t<\/div>\n\t\t\t\t<div class=\"elementor-element elementor-element-1f008a6 elementor-widget elementor-widget-gallery\" data-id=\"1f008a6\" data-element_type=\"widget\" data-e-type=\"widget\" data-settings=\"{&quot;gallery_layout&quot;:&quot;justified&quot;,&quot;ideal_row_height&quot;:{&quot;unit&quot;:&quot;px&quot;,&quot;size&quot;:310,&quot;sizes&quot;:[]},&quot;gap&quot;:{&quot;unit&quot;:&quot;px&quot;,&quot;size&quot;:11,&quot;sizes&quot;:[]},&quot;lazyload&quot;:&quot;yes&quot;,&quot;ideal_row_height_tablet&quot;:{&quot;unit&quot;:&quot;px&quot;,&quot;size&quot;:150,&quot;sizes&quot;:[]},&quot;ideal_row_height_mobile&quot;:{&quot;unit&quot;:&quot;px&quot;,&quot;size&quot;:150,&quot;sizes&quot;:[]},&quot;gap_tablet&quot;:{&quot;unit&quot;:&quot;px&quot;,&quot;size&quot;:10,&quot;sizes&quot;:[]},&quot;gap_mobile&quot;:{&quot;unit&quot;:&quot;px&quot;,&quot;size&quot;:10,&quot;sizes&quot;:[]},&quot;link_to&quot;:&quot;file&quot;,&quot;overlay_background&quot;:&quot;yes&quot;,&quot;content_hover_animation&quot;:&quot;fade-in&quot;}\" data-widget_type=\"gallery.default\">\n\t\t\t\t<div class=\"elementor-widget-container\">\n\t\t\t\t\t\t\t<div class=\"elementor-gallery__container\">\n\t\t\t\t\t\t\t<a class=\"e-gallery-item elementor-gallery-item elementor-animated-content\" href=\"https:\/\/azultourquesa.com\/wp-content\/uploads\/2016\/03\/MG_2835.jpg\" data-elementor-open-lightbox=\"yes\" data-elementor-lightbox-slideshow=\"1f008a6\" data-elementor-lightbox-title=\"_MG_2835\" data-e-action-hash=\"#elementor-action%3Aaction%3Dlightbox%26settings%3DeyJpZCI6MzQwMiwidXJsIjoiaHR0cHM6XC9cL2F6dWx0b3VycXVlc2EuY29tXC93cC1jb250ZW50XC91cGxvYWRzXC8yMDE2XC8wM1wvTUdfMjgzNS5qcGciLCJzbGlkZXNob3ciOiIxZjAwOGE2In0%3D\">\n\t\t\t\t\t<div class=\"e-gallery-image elementor-gallery-item__image\" data-thumbnail=\"https:\/\/azultourquesa.com\/wp-content\/uploads\/2016\/03\/MG_2835.jpg\" data-width=\"900\" data-height=\"600\" aria-label=\"\" role=\"img\" ><\/div>\n\t\t\t\t\t\t\t\t\t\t\t<div class=\"elementor-gallery-item__overlay\"><\/div>\n\t\t\t\t\t\t\t\t\t\t\t\t\t\t<\/a>\n\t\t\t\t\t\t\t<a class=\"e-gallery-item elementor-gallery-item elementor-animated-content\" href=\"https:\/\/azultourquesa.com\/wp-content\/uploads\/2016\/03\/MG_2875.jpg\" data-elementor-open-lightbox=\"yes\" data-elementor-lightbox-slideshow=\"1f008a6\" data-elementor-lightbox-title=\"Plaza Blanca\" data-e-action-hash=\"#elementor-action%3Aaction%3Dlightbox%26settings%3DeyJpZCI6MzQwNywidXJsIjoiaHR0cHM6XC9cL2F6dWx0b3VycXVlc2EuY29tXC93cC1jb250ZW50XC91cGxvYWRzXC8yMDE2XC8wM1wvTUdfMjg3NS5qcGciLCJzbGlkZXNob3ciOiIxZjAwOGE2In0%3D\">\n\t\t\t\t\t<div class=\"e-gallery-image elementor-gallery-item__image\" data-thumbnail=\"https:\/\/azultourquesa.com\/wp-content\/uploads\/2016\/03\/MG_2875.jpg\" data-width=\"900\" data-height=\"600\" aria-label=\"o&#039;kleffe&#039;s landscapes - plaza blanca\" role=\"img\" ><\/div>\n\t\t\t\t\t\t\t\t\t\t\t<div class=\"elementor-gallery-item__overlay\"><\/div>\n\t\t\t\t\t\t\t\t\t\t\t\t\t\t<\/a>\n\t\t\t\t\t\t\t<a class=\"e-gallery-item elementor-gallery-item elementor-animated-content\" href=\"https:\/\/azultourquesa.com\/wp-content\/uploads\/2016\/03\/MG_2963.jpg\" data-elementor-open-lightbox=\"yes\" data-elementor-lightbox-slideshow=\"1f008a6\" data-elementor-lightbox-title=\"Ghost Ranch\" data-e-action-hash=\"#elementor-action%3Aaction%3Dlightbox%26settings%3DeyJpZCI6MzQyNiwidXJsIjoiaHR0cHM6XC9cL2F6dWx0b3VycXVlc2EuY29tXC93cC1jb250ZW50XC91cGxvYWRzXC8yMDE2XC8wM1wvTUdfMjk2My5qcGciLCJzbGlkZXNob3ciOiIxZjAwOGE2In0%3D\">\n\t\t\t\t\t<div class=\"e-gallery-image elementor-gallery-item__image\" data-thumbnail=\"https:\/\/azultourquesa.com\/wp-content\/uploads\/2016\/03\/MG_2963.jpg\" data-width=\"900\" data-height=\"600\" aria-label=\"o&#039;keeffe&#039;s landscapes - ghost ranch\" role=\"img\" ><\/div>\n\t\t\t\t\t\t\t\t\t\t\t<div class=\"elementor-gallery-item__overlay\"><\/div>\n\t\t\t\t\t\t\t\t\t\t\t\t\t\t<\/a>\n\t\t\t\t\t\t\t<a class=\"e-gallery-item elementor-gallery-item elementor-animated-content\" href=\"https:\/\/azultourquesa.com\/wp-content\/uploads\/2016\/03\/MG_2977.jpg\" data-elementor-open-lightbox=\"yes\" data-elementor-lightbox-slideshow=\"1f008a6\" data-elementor-lightbox-title=\"Ghost Ranch\" data-e-action-hash=\"#elementor-action%3Aaction%3Dlightbox%26settings%3DeyJpZCI6MzQzMywidXJsIjoiaHR0cHM6XC9cL2F6dWx0b3VycXVlc2EuY29tXC93cC1jb250ZW50XC91cGxvYWRzXC8yMDE2XC8wM1wvTUdfMjk3Ny5qcGciLCJzbGlkZXNob3ciOiIxZjAwOGE2In0%3D\">\n\t\t\t\t\t<div class=\"e-gallery-image elementor-gallery-item__image\" data-thumbnail=\"https:\/\/azultourquesa.com\/wp-content\/uploads\/2016\/03\/MG_2977.jpg\" data-width=\"900\" data-height=\"600\" aria-label=\"o&#039;keeffe&#039;s landscapes - ghost ranch\" role=\"img\" ><\/div>\n\t\t\t\t\t\t\t\t\t\t\t<div class=\"elementor-gallery-item__overlay\"><\/div>\n\t\t\t\t\t\t\t\t\t\t\t\t\t\t<\/a>\n\t\t\t\t\t\t\t<a class=\"e-gallery-item elementor-gallery-item elementor-animated-content\" href=\"https:\/\/azultourquesa.com\/wp-content\/uploads\/2016\/03\/MG_2986.jpg\" data-elementor-open-lightbox=\"yes\" data-elementor-lightbox-slideshow=\"1f008a6\" data-elementor-lightbox-title=\"Ghost Ranch\" data-e-action-hash=\"#elementor-action%3Aaction%3Dlightbox%26settings%3DeyJpZCI6MzQzOCwidXJsIjoiaHR0cHM6XC9cL2F6dWx0b3VycXVlc2EuY29tXC93cC1jb250ZW50XC91cGxvYWRzXC8yMDE2XC8wM1wvTUdfMjk4Ni5qcGciLCJzbGlkZXNob3ciOiIxZjAwOGE2In0%3D\">\n\t\t\t\t\t<div class=\"e-gallery-image elementor-gallery-item__image\" data-thumbnail=\"https:\/\/azultourquesa.com\/wp-content\/uploads\/2016\/03\/MG_2986.jpg\" data-width=\"900\" data-height=\"600\" aria-label=\"o&#039;keeffe&#039;s landscapes - ghost ranch\" role=\"img\" ><\/div>\n\t\t\t\t\t\t\t\t\t\t\t<div class=\"elementor-gallery-item__overlay\"><\/div>\n\t\t\t\t\t\t\t\t\t\t\t\t\t\t<\/a>\n\t\t\t\t\t\t\t<a class=\"e-gallery-item elementor-gallery-item elementor-animated-content\" href=\"https:\/\/azultourquesa.com\/wp-content\/uploads\/2016\/03\/MG_2959.jpg\" data-elementor-open-lightbox=\"yes\" data-elementor-lightbox-slideshow=\"1f008a6\" data-elementor-lightbox-title=\"Ghost Ranch\" data-e-action-hash=\"#elementor-action%3Aaction%3Dlightbox%26settings%3DeyJpZCI6MzQyNCwidXJsIjoiaHR0cHM6XC9cL2F6dWx0b3VycXVlc2EuY29tXC93cC1jb250ZW50XC91cGxvYWRzXC8yMDE2XC8wM1wvTUdfMjk1OS5qcGciLCJzbGlkZXNob3ciOiIxZjAwOGE2In0%3D\">\n\t\t\t\t\t<div class=\"e-gallery-image elementor-gallery-item__image\" data-thumbnail=\"https:\/\/azultourquesa.com\/wp-content\/uploads\/2016\/03\/MG_2959.jpg\" data-width=\"900\" data-height=\"600\" aria-label=\"o&#039;keeffe&#039;s landscapes - ghost ranch\" role=\"img\" ><\/div>\n\t\t\t\t\t\t\t\t\t\t\t<div class=\"elementor-gallery-item__overlay\"><\/div>\n\t\t\t\t\t\t\t\t\t\t\t\t\t\t<\/a>\n\t\t\t\t\t<\/div>\n\t\t\t\t\t<\/div>\n\t\t\t\t<\/div>\n\t\t\t\t\t<\/div>\n\t\t\t\t<\/div>\n\t\t\t\t<\/div>","protected":false},"excerpt":{"rendered":"<p>GALER\u00cdA Lee Manning descubre Nuevo M\u00e9xico Los cautivadores paisajes de Georgia O\u2019Keeffe<\/p>","protected":false},"author":1,"featured_media":0,"parent":0,"menu_order":0,"comment_status":"closed","ping_status":"closed","template":"","meta":{"_acf_changed":false,"ngg_post_thumbnail":0,"jetpack_post_was_ever_published":false,"footnotes":""},"class_list":["post-5289","page","type-page","status-publish","hentry"],"acf":[],"yoast_head":"<!-- This site is optimized with the Yoast SEO plugin v27.4 - https:\/\/yoast.com\/product\/yoast-seo-wordpress\/ -->\n<title>Nuevo M\u00e9xico - Azul Tourquesa<\/title>\n<meta name=\"robots\" content=\"index, follow, max-snippet:-1, max-image-preview:large, max-video-preview:-1\" \/>\n<link rel=\"canonical\" href=\"https:\/\/azultourquesa.com\/en\/nuevo-mexico\/\" \/>\n<meta property=\"og:locale\" content=\"en_US\" \/>\n<meta property=\"og:type\" content=\"article\" \/>\n<meta property=\"og:title\" content=\"Nuevo M\u00e9xico - Azul Tourquesa\" \/>\n<meta property=\"og:description\" content=\"GALER\u00cdA Lee Manning descubre Nuevo M\u00e9xico Los cautivadores paisajes de Georgia O\u2019Keeffe\" \/>\n<meta property=\"og:url\" content=\"https:\/\/azultourquesa.com\/en\/nuevo-mexico\/\" \/>\n<meta property=\"og:site_name\" content=\"Azul Tourquesa\" \/>\n<meta property=\"article:publisher\" content=\"https:\/\/www.facebook.com\/myazultourquesa\" \/>\n<meta property=\"article:modified_time\" content=\"2025-07-23T19:12:42+00:00\" \/>\n<meta property=\"og:image\" content=\"https:\/\/azultourquesa.com\/wp-content\/uploads\/2015\/11\/12224155_760737917388724_634848035_n.jpg\" \/>\n\t<meta property=\"og:image:width\" content=\"1080\" \/>\n\t<meta property=\"og:image:height\" content=\"1080\" \/>\n\t<meta property=\"og:image:type\" content=\"image\/jpeg\" \/>\n<meta name=\"twitter:card\" content=\"summary_large_image\" \/>\n<meta name=\"twitter:site\" content=\"@myazultourquesa\" \/>\n<meta name=\"twitter:label1\" content=\"Est. reading time\" \/>\n\t<meta name=\"twitter:data1\" content=\"1 minute\" \/>\n<script type=\"application\/ld+json\" class=\"yoast-schema-graph\">{\"@context\":\"https:\\\/\\\/schema.org\",\"@graph\":[{\"@type\":\"WebPage\",\"@id\":\"https:\\\/\\\/azultourquesa.com\\\/es\\\/nuevo-mexico\\\/\",\"url\":\"https:\\\/\\\/azultourquesa.com\\\/es\\\/nuevo-mexico\\\/\",\"name\":\"Nuevo M\u00e9xico - Azul Tourquesa\",\"isPartOf\":{\"@id\":\"https:\\\/\\\/azultourquesa.com\\\/es\\\/#website\"},\"datePublished\":\"2025-07-22T14:36:40+00:00\",\"dateModified\":\"2025-07-23T19:12:42+00:00\",\"breadcrumb\":{\"@id\":\"https:\\\/\\\/azultourquesa.com\\\/es\\\/nuevo-mexico\\\/#breadcrumb\"},\"inLanguage\":\"en-US\",\"potentialAction\":[{\"@type\":\"ReadAction\",\"target\":[\"https:\\\/\\\/azultourquesa.com\\\/es\\\/nuevo-mexico\\\/\"]}]},{\"@type\":\"BreadcrumbList\",\"@id\":\"https:\\\/\\\/azultourquesa.com\\\/es\\\/nuevo-mexico\\\/#breadcrumb\",\"itemListElement\":[{\"@type\":\"ListItem\",\"position\":1,\"name\":\"Home\",\"item\":\"https:\\\/\\\/azultourquesa.com\\\/\"},{\"@type\":\"ListItem\",\"position\":2,\"name\":\"Nuevo M\u00e9xico\"}]},{\"@type\":\"WebSite\",\"@id\":\"https:\\\/\\\/azultourquesa.com\\\/es\\\/#website\",\"url\":\"https:\\\/\\\/azultourquesa.com\\\/es\\\/\",\"name\":\"Azul Tourquesa\",\"description\":\"La vida es un gran viaje\",\"potentialAction\":[{\"@type\":\"SearchAction\",\"target\":{\"@type\":\"EntryPoint\",\"urlTemplate\":\"https:\\\/\\\/azultourquesa.com\\\/es\\\/?s={search_term_string}\"},\"query-input\":{\"@type\":\"PropertyValueSpecification\",\"valueRequired\":true,\"valueName\":\"search_term_string\"}}],\"inLanguage\":\"en-US\"}]}<\/script>\n<!-- \/ Yoast SEO plugin. -->","yoast_head_json":{"title":"Nuevo M\u00e9xico - Azul Tourquesa","robots":{"index":"index","follow":"follow","max-snippet":"max-snippet:-1","max-image-preview":"max-image-preview:large","max-video-preview":"max-video-preview:-1"},"canonical":"https:\/\/azultourquesa.com\/en\/nuevo-mexico\/","og_locale":"en_US","og_type":"article","og_title":"Nuevo M\u00e9xico - Azul Tourquesa","og_description":"GALER\u00cdA Lee Manning descubre Nuevo M\u00e9xico Los cautivadores paisajes de Georgia O\u2019Keeffe","og_url":"https:\/\/azultourquesa.com\/en\/nuevo-mexico\/","og_site_name":"Azul Tourquesa","article_publisher":"https:\/\/www.facebook.com\/myazultourquesa","article_modified_time":"2025-07-23T19:12:42+00:00","og_image":[{"width":1080,"height":1080,"url":"https:\/\/azultourquesa.com\/wp-content\/uploads\/2015\/11\/12224155_760737917388724_634848035_n.jpg","type":"image\/jpeg"}],"twitter_card":"summary_large_image","twitter_site":"@myazultourquesa","twitter_misc":{"Est. reading time":"1 minute"},"schema":{"@context":"https:\/\/schema.org","@graph":[{"@type":"WebPage","@id":"https:\/\/azultourquesa.com\/es\/nuevo-mexico\/","url":"https:\/\/azultourquesa.com\/es\/nuevo-mexico\/","name":"Nuevo M\u00e9xico - Azul Tourquesa","isPartOf":{"@id":"https:\/\/azultourquesa.com\/es\/#website"},"datePublished":"2025-07-22T14:36:40+00:00","dateModified":"2025-07-23T19:12:42+00:00","breadcrumb":{"@id":"https:\/\/azultourquesa.com\/es\/nuevo-mexico\/#breadcrumb"},"inLanguage":"en-US","potentialAction":[{"@type":"ReadAction","target":["https:\/\/azultourquesa.com\/es\/nuevo-mexico\/"]}]},{"@type":"BreadcrumbList","@id":"https:\/\/azultourquesa.com\/es\/nuevo-mexico\/#breadcrumb","itemListElement":[{"@type":"ListItem","position":1,"name":"Home","item":"https:\/\/azultourquesa.com\/"},{"@type":"ListItem","position":2,"name":"Nuevo M\u00e9xico"}]},{"@type":"WebSite","@id":"https:\/\/azultourquesa.com\/es\/#website","url":"https:\/\/azultourquesa.com\/es\/","name":"Azul Tourquesa","description":"La vida es un gran viaje","potentialAction":[{"@type":"SearchAction","target":{"@type":"EntryPoint","urlTemplate":"https:\/\/azultourquesa.com\/es\/?s={search_term_string}"},"query-input":{"@type":"PropertyValueSpecification","valueRequired":true,"valueName":"search_term_string"}}],"inLanguage":"en-US"}]}},"jetpack_sharing_enabled":true,"_links":{"self":[{"href":"https:\/\/azultourquesa.com\/en\/wp-json\/wp\/v2\/pages\/5289","targetHints":{"allow":["GET"]}}],"collection":[{"href":"https:\/\/azultourquesa.com\/en\/wp-json\/wp\/v2\/pages"}],"about":[{"href":"https:\/\/azultourquesa.com\/en\/wp-json\/wp\/v2\/types\/page"}],"author":[{"embeddable":true,"href":"https:\/\/azultourquesa.com\/en\/wp-json\/wp\/v2\/users\/1"}],"replies":[{"embeddable":true,"href":"https:\/\/azultourquesa.com\/en\/wp-json\/wp\/v2\/comments?post=5289"}],"version-history":[{"count":1,"href":"https:\/\/azultourquesa.com\/en\/wp-json\/wp\/v2\/pages\/5289\/revisions"}],"predecessor-version":[{"id":5485,"href":"https:\/\/azultourquesa.com\/en\/wp-json\/wp\/v2\/pages\/5289\/revisions\/5485"}],"wp:attachment":[{"href":"https:\/\/azultourquesa.com\/en\/wp-json\/wp\/v2\/media?parent=5289"}],"curies":[{"name":"wp","href":"https:\/\/api.w.org\/{rel}","templated":true}]}}