{"id":763,"date":"2015-05-01T05:18:06","date_gmt":"2015-05-01T10:18:06","guid":{"rendered":"https:\/\/test.azultourquesa.com\/?page_id=763"},"modified":"2025-07-25T09:18:41","modified_gmt":"2025-07-25T14:18:41","slug":"my-life-in-the-usa-part-2","status":"publish","type":"page","link":"https:\/\/azultourquesa.com\/en\/my-life-in-the-usa-part-2\/","title":{"rendered":"My Life In The USA: Part 2"},"content":{"rendered":"<div data-elementor-type=\"wp-page\" data-elementor-id=\"763\" class=\"elementor elementor-763\" data-elementor-post-type=\"page\">\n\t\t\t\t<div class=\"elementor-element elementor-element-96632dd e-flex e-con-boxed e-con e-parent\" data-id=\"96632dd\" data-element_type=\"container\" data-e-type=\"container\" data-settings=\"{&quot;background_background&quot;:&quot;classic&quot;}\">\n\t\t\t\t\t<div class=\"e-con-inner\">\n\t\t\t\t<div class=\"elementor-element elementor-element-a996c38 elementor-widget-mobile__width-inherit elementor-widget elementor-widget-heading\" data-id=\"a996c38\" data-element_type=\"widget\" data-e-type=\"widget\" data-widget_type=\"heading.default\">\n\t\t\t\t<div class=\"elementor-widget-container\">\n\t\t\t\t\t<h2 class=\"elementor-heading-title elementor-size-default\">My Life In The USA: Part 2\n<\/h2>\t\t\t\t<\/div>\n\t\t\t\t<\/div>\n\t\t\t\t\t<\/div>\n\t\t\t\t<\/div>\n\t\t<div class=\"elementor-element elementor-element-5e449975 e-flex e-con-boxed e-con e-parent\" data-id=\"5e449975\" data-element_type=\"container\" data-e-type=\"container\">\n\t\t\t\t\t<div class=\"e-con-inner\">\n\t\t\t\t<div class=\"elementor-element elementor-element-3c9841c7 elementor-widget elementor-widget-text-editor\" data-id=\"3c9841c7\" data-element_type=\"widget\" data-e-type=\"widget\" data-widget_type=\"text-editor.default\">\n\t\t\t\t<div class=\"elementor-widget-container\">\n\t\t\t\t\t\t\t\t\t<p>I was born in Mexico City. I spent my entire life there until I moved to the U.S. in 1999, when <em><strong>My Life In The USA: Part 2<\/strong><\/em>began. I traveled along the California west coast, from Los Angeles to San Francisco, jumped to Juneau, Alaska, and then celebrated the New Millennium in Atlanta, Georgia.<\/p><figure id=\"attachment_243\" aria-describedby=\"caption-attachment-243\" style=\"width: 900px\" class=\"wp-caption alignleft\"><a href=\"https:\/\/test.azultourquesa.com\/wp-content\/uploads\/2015\/04\/08Boardwalk.jpg\"><img fetchpriority=\"high\" decoding=\"async\" class=\"wp-image-243 size-full\" src=\"https:\/\/test.azultourquesa.com\/wp-content\/uploads\/2015\/04\/08Boardwalk.jpg\" alt=\"Austin, Texas\" width=\"900\" height=\"600\" srcset=\"https:\/\/azultourquesa.com\/wp-content\/uploads\/2015\/04\/08Boardwalk.jpg 900w, https:\/\/azultourquesa.com\/wp-content\/uploads\/2015\/04\/08Boardwalk-300x200.jpg 300w, https:\/\/azultourquesa.com\/wp-content\/uploads\/2015\/04\/08Boardwalk-210x140.jpg 210w\" sizes=\"(max-width: 900px) 100vw, 900px\" \/><\/a><figcaption id=\"caption-attachment-243\" class=\"wp-caption-text\">Austin, Texas is not only the state capital, but is also known as the \u201clive music capital of the world.\u201d Its abundant parks and lakes are popular for hiking, biking, swimming, boating and other outdoor pursuits.<\/figcaption><\/figure><p>I was in Austin, Texas when the tragedy of 9-11-01 hit. I suffered the immigration restrictions directly resulting from it when my family was unable to attend my wedding, almost one year after the tragedy, or my graduation from the University of Texas in 2002. My mom and younger brother finally came to visit three months after I gave birth to a beautiful baby girl in September 2003.<\/p><p>As a foreigner, I had no choice but to experience that feeling of \u201cdislocation\u201d known as culture shock: four long lasting and painful stages caused by unfamiliarity with the new country. 1. Excitement (the new country is awesome). 2. Problems (the new country is not that terrific). 3. Recovery (the new country is hopeful). 4. Stability (the new country feels like home).<\/p><p>In the beginning, that dislocating feeling got me in trouble with the new language. But after three years of practice, I became more fluent in English (or so I believe) despite \u2013or due to\u2014that difficult journey through the culture shock stages.<\/p><p>The first two years in the U.S. were very hard. I experienced fear, frustration, anger, or disappointment most of the time (stage 2). But the third year was much better. I felt happier and excited even doing small things like buying groceries (stage 3). Without thinking of it, during the third year I started to develop a positive attitude, and even felt homesick (!!!) when away from Austin (stage 4). Now, after more than 15 years of living in Austin, I even feel like a true Austinite.<\/p><p>I was seeking adventure and a graduate degree in a U.S. university when I came to the United States. I got a degree \u2013in a very exciting field: journalism. I found a dear husband, close friends and interesting jobs (one of them in the most amazing library specializing in Latin America). And also had my first child\u2013the most wonderful daughter I could ever dream of. What else could I ask for?<\/p><p><span style=\"line-height: 1.5;\"><em><a href=\"https:\/\/azultourquesa.com\/sobre-mi\/\">My Life In Mexico: Part 1<\/a>\u00a0<\/em><\/span>stayed behind in Mexico, a lovely and intriguing country where I have been truly happy as a child and teenager. I look forward to spending My Life: Part 4 there when I retire. But before that, let\u2019s you and I travel the world and transform our lives in this unique <span style=\"line-height: 1.5;\"><em><a href=\"https:\/\/azultourquesa.com\/sobre-mi\/\">Part 3<\/a><\/em>.<\/span><\/p>\t\t\t\t\t\t\t\t<\/div>\n\t\t\t\t<\/div>\n\t\t\t\t\t<\/div>\n\t\t\t\t<\/div>\n\t\t\t\t<\/div>","protected":false},"excerpt":{"rendered":"<p>Mi vida en USA: Parte 2 Nac\u00ed en la Ciudad de M\u00e9xico. Pas\u00e9 toda mi vida all\u00ed hasta que me mud\u00e9 a los Estados Unidos en 1999, cuando empez\u00f3 Mi vida en USA: Parte 2. Viaj\u00e9 a lo largo de la costa de California, desde Los Angeles hasta San Francisco, salt\u00e9 a Juneau, Alaska y [&hellip;]<\/p>\n","protected":false},"author":1,"featured_media":0,"parent":0,"menu_order":0,"comment_status":"closed","ping_status":"closed","template":"","meta":{"_acf_changed":false,"ngg_post_thumbnail":0,"jetpack_post_was_ever_published":false,"footnotes":""},"class_list":["post-763","page","type-page","status-publish","hentry"],"acf":[],"yoast_head":"<!-- This site is optimized with the Yoast SEO plugin v27.4 - https:\/\/yoast.com\/product\/yoast-seo-wordpress\/ -->\n<title>Mi vida en USA: Parte 2 | Azul Tourquesa<\/title>\n<meta name=\"description\" content=\"Mi vida en USA: Parte 2 empez\u00f3 en 1999. Viaj\u00e9 a lo largo de la costa de California, salt\u00e9 a Alaska y celebr\u00e9 el Nuevo Milenio en Georgia.\" \/>\n<meta name=\"robots\" content=\"index, follow, max-snippet:-1, max-image-preview:large, max-video-preview:-1\" \/>\n<link rel=\"canonical\" href=\"https:\/\/azultourquesa.com\/en\/my-life-in-the-usa-part-2\/\" \/>\n<meta property=\"og:locale\" content=\"en_US\" \/>\n<meta property=\"og:type\" content=\"article\" \/>\n<meta property=\"og:title\" content=\"Mi vida en USA: Parte 2 | Azul Tourquesa\" \/>\n<meta property=\"og:description\" content=\"Mi vida en USA: Parte 2 empez\u00f3 en 1999. Viaj\u00e9 a lo largo de la costa de California, salt\u00e9 a Alaska y celebr\u00e9 el Nuevo Milenio en Georgia.\" \/>\n<meta property=\"og:url\" content=\"https:\/\/azultourquesa.com\/en\/my-life-in-the-usa-part-2\/\" \/>\n<meta property=\"og:site_name\" content=\"Azul Tourquesa\" \/>\n<meta property=\"article:publisher\" content=\"https:\/\/www.facebook.com\/myazultourquesa\" \/>\n<meta property=\"article:modified_time\" content=\"2025-07-25T14:18:41+00:00\" \/>\n<meta property=\"og:image\" content=\"https:\/\/azultourquesa.com\/wp-content\/uploads\/2015\/04\/08Boardwalk.jpg\" \/>\n\t<meta property=\"og:image:width\" content=\"900\" \/>\n\t<meta property=\"og:image:height\" content=\"600\" \/>\n\t<meta property=\"og:image:type\" content=\"image\/jpeg\" \/>\n<meta name=\"twitter:card\" content=\"summary_large_image\" \/>\n<meta name=\"twitter:site\" content=\"@myazultourquesa\" \/>\n<meta name=\"twitter:label1\" content=\"Est. reading time\" \/>\n\t<meta name=\"twitter:data1\" content=\"3 minutes\" \/>\n<script type=\"application\/ld+json\" class=\"yoast-schema-graph\">{\"@context\":\"https:\\\/\\\/schema.org\",\"@graph\":[{\"@type\":\"WebPage\",\"@id\":\"https:\\\/\\\/azultourquesa.com\\\/es\\\/mi-vida-en-usa-parte-2\\\/\",\"url\":\"https:\\\/\\\/azultourquesa.com\\\/es\\\/mi-vida-en-usa-parte-2\\\/\",\"name\":\"Mi vida en USA: Parte 2 | Azul Tourquesa\",\"isPartOf\":{\"@id\":\"https:\\\/\\\/azultourquesa.com\\\/es\\\/#website\"},\"primaryImageOfPage\":{\"@id\":\"https:\\\/\\\/azultourquesa.com\\\/es\\\/mi-vida-en-usa-parte-2\\\/#primaryimage\"},\"image\":{\"@id\":\"https:\\\/\\\/azultourquesa.com\\\/es\\\/mi-vida-en-usa-parte-2\\\/#primaryimage\"},\"thumbnailUrl\":\"https:\\\/\\\/test.azultourquesa.com\\\/wp-content\\\/uploads\\\/2015\\\/04\\\/08Boardwalk.jpg\",\"datePublished\":\"2015-05-01T10:18:06+00:00\",\"dateModified\":\"2025-07-25T14:18:41+00:00\",\"description\":\"Mi vida en USA: Parte 2 empez\u00f3 en 1999. Viaj\u00e9 a lo largo de la costa de California, salt\u00e9 a Alaska y celebr\u00e9 el Nuevo Milenio en Georgia.\",\"breadcrumb\":{\"@id\":\"https:\\\/\\\/azultourquesa.com\\\/es\\\/mi-vida-en-usa-parte-2\\\/#breadcrumb\"},\"inLanguage\":\"en-US\",\"potentialAction\":[{\"@type\":\"ReadAction\",\"target\":[\"https:\\\/\\\/azultourquesa.com\\\/es\\\/mi-vida-en-usa-parte-2\\\/\"]}]},{\"@type\":\"ImageObject\",\"inLanguage\":\"en-US\",\"@id\":\"https:\\\/\\\/azultourquesa.com\\\/es\\\/mi-vida-en-usa-parte-2\\\/#primaryimage\",\"url\":\"https:\\\/\\\/test.azultourquesa.com\\\/wp-content\\\/uploads\\\/2015\\\/04\\\/08Boardwalk.jpg\",\"contentUrl\":\"https:\\\/\\\/test.azultourquesa.com\\\/wp-content\\\/uploads\\\/2015\\\/04\\\/08Boardwalk.jpg\"},{\"@type\":\"BreadcrumbList\",\"@id\":\"https:\\\/\\\/azultourquesa.com\\\/es\\\/mi-vida-en-usa-parte-2\\\/#breadcrumb\",\"itemListElement\":[{\"@type\":\"ListItem\",\"position\":1,\"name\":\"Home\",\"item\":\"https:\\\/\\\/azultourquesa.com\\\/\"},{\"@type\":\"ListItem\",\"position\":2,\"name\":\"Mi vida en USA: Parte 2\"}]},{\"@type\":\"WebSite\",\"@id\":\"https:\\\/\\\/azultourquesa.com\\\/es\\\/#website\",\"url\":\"https:\\\/\\\/azultourquesa.com\\\/es\\\/\",\"name\":\"Azul Tourquesa\",\"description\":\"La vida es un gran viaje\",\"potentialAction\":[{\"@type\":\"SearchAction\",\"target\":{\"@type\":\"EntryPoint\",\"urlTemplate\":\"https:\\\/\\\/azultourquesa.com\\\/es\\\/?s={search_term_string}\"},\"query-input\":{\"@type\":\"PropertyValueSpecification\",\"valueRequired\":true,\"valueName\":\"search_term_string\"}}],\"inLanguage\":\"en-US\"}]}<\/script>\n<!-- \/ Yoast SEO plugin. -->","yoast_head_json":{"title":"My Life In The USA: Part 2  | Azul Tourquesa","description":"Mi vida en USA: Parte 2 empez\u00f3 en 1999. Viaj\u00e9 a lo largo de la costa de California, salt\u00e9 a Alaska y celebr\u00e9 el Nuevo Milenio en Georgia.","robots":{"index":"index","follow":"follow","max-snippet":"max-snippet:-1","max-image-preview":"max-image-preview:large","max-video-preview":"max-video-preview:-1"},"canonical":"https:\/\/azultourquesa.com\/en\/my-life-in-the-usa-part-2\/","og_locale":"en_US","og_type":"article","og_title":"Mi vida en USA: Parte 2 | Azul Tourquesa","og_description":"Mi vida en USA: Parte 2 empez\u00f3 en 1999. Viaj\u00e9 a lo largo de la costa de California, salt\u00e9 a Alaska y celebr\u00e9 el Nuevo Milenio en Georgia.","og_url":"https:\/\/azultourquesa.com\/en\/my-life-in-the-usa-part-2\/","og_site_name":"Azul Tourquesa","article_publisher":"https:\/\/www.facebook.com\/myazultourquesa","article_modified_time":"2025-07-25T14:18:41+00:00","og_image":[{"width":900,"height":600,"url":"https:\/\/azultourquesa.com\/wp-content\/uploads\/2015\/04\/08Boardwalk.jpg","type":"image\/jpeg"}],"twitter_card":"summary_large_image","twitter_site":"@myazultourquesa","twitter_misc":{"Est. reading time":"3 minutes"},"schema":{"@context":"https:\/\/schema.org","@graph":[{"@type":"WebPage","@id":"https:\/\/azultourquesa.com\/es\/mi-vida-en-usa-parte-2\/","url":"https:\/\/azultourquesa.com\/es\/mi-vida-en-usa-parte-2\/","name":"My Life In The USA: Part 2  | Azul Tourquesa","isPartOf":{"@id":"https:\/\/azultourquesa.com\/es\/#website"},"primaryImageOfPage":{"@id":"https:\/\/azultourquesa.com\/es\/mi-vida-en-usa-parte-2\/#primaryimage"},"image":{"@id":"https:\/\/azultourquesa.com\/es\/mi-vida-en-usa-parte-2\/#primaryimage"},"thumbnailUrl":"https:\/\/test.azultourquesa.com\/wp-content\/uploads\/2015\/04\/08Boardwalk.jpg","datePublished":"2015-05-01T10:18:06+00:00","dateModified":"2025-07-25T14:18:41+00:00","description":"Mi vida en USA: Parte 2 empez\u00f3 en 1999. Viaj\u00e9 a lo largo de la costa de California, salt\u00e9 a Alaska y celebr\u00e9 el Nuevo Milenio en Georgia.","breadcrumb":{"@id":"https:\/\/azultourquesa.com\/es\/mi-vida-en-usa-parte-2\/#breadcrumb"},"inLanguage":"en-US","potentialAction":[{"@type":"ReadAction","target":["https:\/\/azultourquesa.com\/es\/mi-vida-en-usa-parte-2\/"]}]},{"@type":"ImageObject","inLanguage":"en-US","@id":"https:\/\/azultourquesa.com\/es\/mi-vida-en-usa-parte-2\/#primaryimage","url":"https:\/\/test.azultourquesa.com\/wp-content\/uploads\/2015\/04\/08Boardwalk.jpg","contentUrl":"https:\/\/test.azultourquesa.com\/wp-content\/uploads\/2015\/04\/08Boardwalk.jpg"},{"@type":"BreadcrumbList","@id":"https:\/\/azultourquesa.com\/es\/mi-vida-en-usa-parte-2\/#breadcrumb","itemListElement":[{"@type":"ListItem","position":1,"name":"Home","item":"https:\/\/azultourquesa.com\/"},{"@type":"ListItem","position":2,"name":"Mi vida en USA: Parte 2"}]},{"@type":"WebSite","@id":"https:\/\/azultourquesa.com\/es\/#website","url":"https:\/\/azultourquesa.com\/es\/","name":"Azul Tourquesa","description":"La vida es un gran viaje","potentialAction":[{"@type":"SearchAction","target":{"@type":"EntryPoint","urlTemplate":"https:\/\/azultourquesa.com\/es\/?s={search_term_string}"},"query-input":{"@type":"PropertyValueSpecification","valueRequired":true,"valueName":"search_term_string"}}],"inLanguage":"en-US"}]}},"jetpack_sharing_enabled":true,"_links":{"self":[{"href":"https:\/\/azultourquesa.com\/en\/wp-json\/wp\/v2\/pages\/763","targetHints":{"allow":["GET"]}}],"collection":[{"href":"https:\/\/azultourquesa.com\/en\/wp-json\/wp\/v2\/pages"}],"about":[{"href":"https:\/\/azultourquesa.com\/en\/wp-json\/wp\/v2\/types\/page"}],"author":[{"embeddable":true,"href":"https:\/\/azultourquesa.com\/en\/wp-json\/wp\/v2\/users\/1"}],"replies":[{"embeddable":true,"href":"https:\/\/azultourquesa.com\/en\/wp-json\/wp\/v2\/comments?post=763"}],"version-history":[{"count":1,"href":"https:\/\/azultourquesa.com\/en\/wp-json\/wp\/v2\/pages\/763\/revisions"}],"predecessor-version":[{"id":5619,"href":"https:\/\/azultourquesa.com\/en\/wp-json\/wp\/v2\/pages\/763\/revisions\/5619"}],"wp:attachment":[{"href":"https:\/\/azultourquesa.com\/en\/wp-json\/wp\/v2\/media?parent=763"}],"curies":[{"name":"wp","href":"https:\/\/api.w.org\/{rel}","templated":true}]}}