{"id":36,"date":"2015-04-18T04:42:13","date_gmt":"2015-04-18T04:42:13","guid":{"rendered":"https:\/\/test.azultourquesa.com\/?page_id=36"},"modified":"2025-07-25T09:17:43","modified_gmt":"2025-07-25T14:17:43","slug":"sobre-mi","status":"publish","type":"page","link":"https:\/\/azultourquesa.com\/es\/sobre-mi\/","title":{"rendered":"SOBRE M\u00cd"},"content":{"rendered":"\t\t<div data-elementor-type=\"wp-page\" data-elementor-id=\"36\" class=\"elementor elementor-36\" data-elementor-post-type=\"page\">\n\t\t\t\t<div class=\"elementor-element elementor-element-f01c458 e-flex e-con-boxed e-con e-parent\" data-id=\"f01c458\" data-element_type=\"container\" data-e-type=\"container\" data-settings=\"{&quot;background_background&quot;:&quot;classic&quot;}\">\n\t\t\t\t\t<div class=\"e-con-inner\">\n\t\t\t\t<div class=\"elementor-element elementor-element-6ea68e5 elementor-widget-mobile__width-inherit elementor-widget elementor-widget-heading\" data-id=\"6ea68e5\" data-element_type=\"widget\" data-e-type=\"widget\" data-widget_type=\"heading.default\">\n\t\t\t\t<div class=\"elementor-widget-container\">\n\t\t\t\t\t<h2 class=\"elementor-heading-title elementor-size-default\">SOBRE M\u00cd<\/h2>\t\t\t\t<\/div>\n\t\t\t\t<\/div>\n\t\t\t\t\t<\/div>\n\t\t\t\t<\/div>\n\t\t<div class=\"elementor-element elementor-element-d201026 e-flex e-con-boxed e-con e-parent\" data-id=\"d201026\" data-element_type=\"container\" data-e-type=\"container\">\n\t\t\t\t\t<div class=\"e-con-inner\">\n\t\t<div class=\"elementor-element elementor-element-2823942 e-con-full e-flex e-con e-child\" data-id=\"2823942\" data-element_type=\"container\" data-e-type=\"container\">\n\t\t\t\t<div class=\"elementor-element elementor-element-36b20c1 elementor-widget elementor-widget-image\" data-id=\"36b20c1\" data-element_type=\"widget\" data-e-type=\"widget\" data-widget_type=\"image.default\">\n\t\t\t\t<div class=\"elementor-widget-container\">\n\t\t\t\t\t\t\t\t\t\t\t\t\t\t\t<img fetchpriority=\"high\" decoding=\"async\" width=\"336\" height=\"409\" src=\"https:\/\/azultourquesa.com\/wp-content\/uploads\/2025\/06\/FotoMonica-e1429392893776.jpg\" class=\"attachment-full size-full wp-image-4683\" alt=\"\" srcset=\"https:\/\/azultourquesa.com\/wp-content\/uploads\/2025\/06\/FotoMonica-e1429392893776.jpg 336w, https:\/\/azultourquesa.com\/wp-content\/uploads\/2025\/06\/FotoMonica-e1429392893776-246x300.jpg 246w, https:\/\/azultourquesa.com\/wp-content\/uploads\/2025\/06\/FotoMonica-e1429392893776-10x12.jpg 10w\" sizes=\"(max-width: 336px) 100vw, 336px\" \/>\t\t\t\t\t\t\t\t\t\t\t\t\t\t\t<\/div>\n\t\t\t\t<\/div>\n\t\t\t\t<\/div>\n\t\t<div class=\"elementor-element elementor-element-e9491a2 e-con-full e-flex e-con e-child\" data-id=\"e9491a2\" data-element_type=\"container\" data-e-type=\"container\">\n\t\t\t\t<div class=\"elementor-element elementor-element-03d4444 elementor-widget__width-initial elementor-widget elementor-widget-text-editor\" data-id=\"03d4444\" data-element_type=\"widget\" data-e-type=\"widget\" data-widget_type=\"text-editor.default\">\n\t\t\t\t<div class=\"elementor-widget-container\">\n\t\t\t\t\t\t\t\t\t<p>Mi vida se divide en tres partes. La\u00a0Parte 3\u00a0es la que empieza con este blog de viajes. Es la fase m\u00e1s satisfactoria de mi vida porque por fin puedo dedicarme a lo que realmente me apasiona: viajar, escribir y fotografiar. Es una \u00e9poca de creatividad, libertad y gozo.<\/p><p>La\u00a0Parte 2\u00a0empez\u00f3 a mi llegada a los Estados Unidos en 1999. Esta fue una \u00e9poca universitaria llena de adaptaciones a una nueva cultura e idioma. Conoce m\u00e1s acerca de\u00a0<a href=\"https:\/\/azultourquesa.com\/mi-vida-en-usa-parte-2\/\">Mi vida en USA: Parte 2<\/a>.\u00a0Fue tambi\u00e9n una \u00e9poca de aprendizaje, sue\u00f1os y logros.<\/p>\t\t\t\t\t\t\t\t<\/div>\n\t\t\t\t<\/div>\n\t\t\t\t<\/div>\n\t\t\t\t\t<\/div>\n\t\t\t\t<\/div>\n\t\t<div class=\"elementor-element elementor-element-3bb3e56 e-flex e-con-boxed e-con e-parent\" data-id=\"3bb3e56\" data-element_type=\"container\" data-e-type=\"container\">\n\t\t\t\t\t<div class=\"e-con-inner\">\n\t\t\t\t<div class=\"elementor-element elementor-element-016f3c6 elementor-widget__width-initial elementor-widget elementor-widget-text-editor\" data-id=\"016f3c6\" data-element_type=\"widget\" data-e-type=\"widget\" data-widget_type=\"text-editor.default\">\n\t\t\t\t<div class=\"elementor-widget-container\">\n\t\t\t\t\t\t\t\t\t<p>La\u00a0Parte 1\u00a0comenz\u00f3 en M\u00e9xico, mi pa\u00eds natal, por el cual tengo un gran amor a pesar de no vivir en \u00e9l desde hace m\u00e1s de 15 a\u00f1os. Fue una etapa de aventura. M\u00e9xico es un pa\u00eds con una rica cultura. Mi pasi\u00f3n por el arte, la m\u00fasica, la literatura y la historia nacieron en M\u00e9xico.<br \/><br \/><br \/>Esta trilog\u00eda conforma lo que soy ahora: Una persona con un deseo irresistible por viajar. Creo que el mundo es un sal\u00f3n de clase. Viajar es una herramienta para aprender. La vida debe ser un viaje lleno de ense\u00f1anzas que finalmente te convertir\u00e1n en un gran maestro. Quiero vivir la vida como un viaje \u00fanico e inolvidable y deseo compartirlo contigo.<\/p>\t\t\t\t\t\t\t\t<\/div>\n\t\t\t\t<\/div>\n\t\t\t\t<div class=\"elementor-element elementor-element-531720f elementor-widget-mobile__width-inherit elementor-widget elementor-widget-heading\" data-id=\"531720f\" data-element_type=\"widget\" data-e-type=\"widget\" data-widget_type=\"heading.default\">\n\t\t\t\t<div class=\"elementor-widget-container\">\n\t\t\t\t\t<h2 class=\"elementor-heading-title elementor-size-default\">\u00bfPOR QU\u00c9 EL NOMBRE\u00a0AZUL TOURQUESA\u00a0PARA UN BLOG DE VIAJES?<\/h2>\t\t\t\t<\/div>\n\t\t\t\t<\/div>\n\t\t\t\t<div class=\"elementor-element elementor-element-66438c9 elementor-widget__width-initial elementor-widget elementor-widget-text-editor\" data-id=\"66438c9\" data-element_type=\"widget\" data-e-type=\"widget\" data-widget_type=\"text-editor.default\">\n\t\t\t\t<div class=\"elementor-widget-container\">\n\t\t\t\t\t\t\t\t\t<p>\u00bfHas visto el color del mar en las playas del Caribe?\u00a0\u00bfHas notado el color de las plumas del pavorreal?\u00a0\u00bfHas visto la piedra turquesa de un color azul verdoso?<\/p>\t\t\t\t\t\t\t\t<\/div>\n\t\t\t\t<\/div>\n\t\t<div class=\"elementor-element elementor-element-1e11d97 e-con-full e-flex e-con e-child\" data-id=\"1e11d97\" data-element_type=\"container\" data-e-type=\"container\">\n\t\t\t\t<div class=\"elementor-element elementor-element-9f6737a elementor-widget elementor-widget-image\" data-id=\"9f6737a\" data-element_type=\"widget\" data-e-type=\"widget\" data-widget_type=\"image.default\">\n\t\t\t\t<div class=\"elementor-widget-container\">\n\t\t\t\t\t\t\t\t\t\t\t\t\t\t\t<img decoding=\"async\" width=\"205\" height=\"159\" src=\"https:\/\/azultourquesa.com\/wp-content\/uploads\/2025\/06\/NewCanvas1-Photoroom.png\" class=\"attachment-large size-large wp-image-4687\" alt=\"\" srcset=\"https:\/\/azultourquesa.com\/wp-content\/uploads\/2025\/06\/NewCanvas1-Photoroom.png 205w, https:\/\/azultourquesa.com\/wp-content\/uploads\/2025\/06\/NewCanvas1-Photoroom-15x12.png 15w\" sizes=\"(max-width: 205px) 100vw, 205px\" \/>\t\t\t\t\t\t\t\t\t\t\t\t\t\t\t<\/div>\n\t\t\t\t<\/div>\n\t\t\t\t<div class=\"elementor-element elementor-element-34da64b elementor-widget__width-initial elementor-widget elementor-widget-text-editor\" data-id=\"34da64b\" data-element_type=\"widget\" data-e-type=\"widget\" data-widget_type=\"text-editor.default\">\n\t\t\t\t<div class=\"elementor-widget-container\">\n\t\t\t\t\t\t\t\t\t<p>\u201cThe pastel shades of turquoise have endeared it to many great cultures of antiquity: it has adorned the rulers of Ancient Egypt, the Aztecs (and possibly other Pre-Columbian Mesoamericans)\u2026\u201d<\/p>\t\t\t\t\t\t\t\t<\/div>\n\t\t\t\t<\/div>\n\t\t\t\t<div class=\"elementor-element elementor-element-cdbc639 elementor-widget elementor-widget-image\" data-id=\"cdbc639\" data-element_type=\"widget\" data-e-type=\"widget\" data-widget_type=\"image.default\">\n\t\t\t\t<div class=\"elementor-widget-container\">\n\t\t\t\t\t\t\t\t\t\t\t\t\t\t\t<img decoding=\"async\" width=\"205\" height=\"159\" src=\"https:\/\/azultourquesa.com\/wp-content\/uploads\/2025\/06\/image-30.png\" class=\"attachment-large size-large wp-image-4688\" alt=\"\" srcset=\"https:\/\/azultourquesa.com\/wp-content\/uploads\/2025\/06\/image-30.png 205w, https:\/\/azultourquesa.com\/wp-content\/uploads\/2025\/06\/image-30-15x12.png 15w\" sizes=\"(max-width: 205px) 100vw, 205px\" \/>\t\t\t\t\t\t\t\t\t\t\t\t\t\t\t<\/div>\n\t\t\t\t<\/div>\n\t\t\t\t<\/div>\n\t\t\t\t\t<\/div>\n\t\t\t\t<\/div>\n\t\t<div class=\"elementor-element elementor-element-1877512 e-flex e-con-boxed e-con e-parent\" data-id=\"1877512\" data-element_type=\"container\" data-e-type=\"container\">\n\t\t\t\t\t<div class=\"e-con-inner\">\n\t\t\t\t<div class=\"elementor-element elementor-element-29cced1 elementor-widget elementor-widget-image\" data-id=\"29cced1\" data-element_type=\"widget\" data-e-type=\"widget\" data-widget_type=\"image.default\">\n\t\t\t\t<div class=\"elementor-widget-container\">\n\t\t\t\t\t\t\t\t\t\t\t\t\t\t\t<img loading=\"lazy\" decoding=\"async\" width=\"595\" height=\"349\" src=\"https:\/\/azultourquesa.com\/wp-content\/uploads\/2025\/07\/cropped-logo-2.png\" class=\"attachment-large size-large wp-image-5165\" alt=\"\" srcset=\"https:\/\/azultourquesa.com\/wp-content\/uploads\/2025\/07\/cropped-logo-2.png 595w, https:\/\/azultourquesa.com\/wp-content\/uploads\/2025\/07\/cropped-logo-2-300x176.png 300w, https:\/\/azultourquesa.com\/wp-content\/uploads\/2025\/07\/cropped-logo-2-18x12.png 18w\" sizes=\"(max-width: 595px) 100vw, 595px\" \/>\t\t\t\t\t\t\t\t\t\t\t\t\t\t\t<\/div>\n\t\t\t\t<\/div>\n\t\t\t\t\t<\/div>\n\t\t\t\t<\/div>\n\t\t\t\t<\/div>\n\t\t","protected":false},"excerpt":{"rendered":"<p>SOBRE M\u00cd Mi vida se divide en tres partes. La\u00a0Parte 3\u00a0es la que empieza con este blog de viajes. Es la fase m\u00e1s satisfactoria de mi vida porque por fin puedo dedicarme a lo que realmente me apasiona: viajar, escribir y fotografiar. Es una \u00e9poca de creatividad, libertad y gozo. La\u00a0Parte 2\u00a0empez\u00f3 a mi llegada [&hellip;]<\/p>\n","protected":false},"author":1,"featured_media":0,"parent":0,"menu_order":0,"comment_status":"closed","ping_status":"closed","template":"","meta":{"_acf_changed":false,"ngg_post_thumbnail":0,"jetpack_post_was_ever_published":false,"footnotes":""},"class_list":["post-36","page","type-page","status-publish","hentry"],"acf":[],"yoast_head":"<!-- This site is optimized with the Yoast SEO plugin v27.4 - https:\/\/yoast.com\/product\/yoast-seo-wordpress\/ -->\n<title>SOBRE M\u00cd | Azul Tourquesa<\/title>\n<meta name=\"description\" content=\"Viajo para entender, educarme y crecer. Mis ojos, mente y alma me gu\u00edan en este gran viaje que quiero compartir contigo.\" \/>\n<meta name=\"robots\" content=\"index, follow, max-snippet:-1, max-image-preview:large, max-video-preview:-1\" \/>\n<link rel=\"canonical\" href=\"https:\/\/azultourquesa.com\/es\/sobre-mi\/\" \/>\n<meta property=\"og:locale\" content=\"es_ES\" \/>\n<meta property=\"og:type\" content=\"article\" \/>\n<meta property=\"og:title\" content=\"SOBRE M\u00cd | Azul Tourquesa\" \/>\n<meta property=\"og:description\" content=\"Viajo para entender, educarme y crecer. Mis ojos, mente y alma me gu\u00edan en este gran viaje que quiero compartir contigo.\" \/>\n<meta property=\"og:url\" content=\"https:\/\/azultourquesa.com\/es\/sobre-mi\/\" \/>\n<meta property=\"og:site_name\" content=\"Azul Tourquesa\" \/>\n<meta property=\"article:publisher\" content=\"https:\/\/www.facebook.com\/myazultourquesa\" \/>\n<meta property=\"article:modified_time\" content=\"2025-07-25T14:17:43+00:00\" \/>\n<meta property=\"og:image\" content=\"http:\/\/azultourquesa.com\/wp-content\/uploads\/2025\/06\/FotoMonica-e1429392893776.jpg\" \/>\n<meta name=\"twitter:card\" content=\"summary_large_image\" \/>\n<meta name=\"twitter:site\" content=\"@myazultourquesa\" \/>\n<meta name=\"twitter:label1\" content=\"Tiempo de lectura\" \/>\n\t<meta name=\"twitter:data1\" content=\"3 minutos\" \/>\n<script type=\"application\/ld+json\" class=\"yoast-schema-graph\">{\"@context\":\"https:\\\/\\\/schema.org\",\"@graph\":[{\"@type\":\"WebPage\",\"@id\":\"https:\\\/\\\/azultourquesa.com\\\/sobre-mi\\\/\",\"url\":\"https:\\\/\\\/azultourquesa.com\\\/sobre-mi\\\/\",\"name\":\"SOBRE M\u00cd | Azul Tourquesa\",\"isPartOf\":{\"@id\":\"https:\\\/\\\/azultourquesa.com\\\/es\\\/#website\"},\"primaryImageOfPage\":{\"@id\":\"https:\\\/\\\/azultourquesa.com\\\/sobre-mi\\\/#primaryimage\"},\"image\":{\"@id\":\"https:\\\/\\\/azultourquesa.com\\\/sobre-mi\\\/#primaryimage\"},\"thumbnailUrl\":\"http:\\\/\\\/azultourquesa.com\\\/wp-content\\\/uploads\\\/2025\\\/06\\\/FotoMonica-e1429392893776.jpg\",\"datePublished\":\"2015-04-18T04:42:13+00:00\",\"dateModified\":\"2025-07-25T14:17:43+00:00\",\"description\":\"Viajo para entender, educarme y crecer. Mis ojos, mente y alma me gu\u00edan en este gran viaje que quiero compartir contigo.\",\"breadcrumb\":{\"@id\":\"https:\\\/\\\/azultourquesa.com\\\/sobre-mi\\\/#breadcrumb\"},\"inLanguage\":\"es-CO\",\"potentialAction\":[{\"@type\":\"ReadAction\",\"target\":[\"https:\\\/\\\/azultourquesa.com\\\/sobre-mi\\\/\"]}]},{\"@type\":\"ImageObject\",\"inLanguage\":\"es-CO\",\"@id\":\"https:\\\/\\\/azultourquesa.com\\\/sobre-mi\\\/#primaryimage\",\"url\":\"http:\\\/\\\/azultourquesa.com\\\/wp-content\\\/uploads\\\/2025\\\/06\\\/FotoMonica-e1429392893776.jpg\",\"contentUrl\":\"http:\\\/\\\/azultourquesa.com\\\/wp-content\\\/uploads\\\/2025\\\/06\\\/FotoMonica-e1429392893776.jpg\"},{\"@type\":\"BreadcrumbList\",\"@id\":\"https:\\\/\\\/azultourquesa.com\\\/sobre-mi\\\/#breadcrumb\",\"itemListElement\":[{\"@type\":\"ListItem\",\"position\":1,\"name\":\"Home\",\"item\":\"https:\\\/\\\/azultourquesa.com\\\/\"},{\"@type\":\"ListItem\",\"position\":2,\"name\":\"SOBRE M\u00cd\"}]},{\"@type\":\"WebSite\",\"@id\":\"https:\\\/\\\/azultourquesa.com\\\/es\\\/#website\",\"url\":\"https:\\\/\\\/azultourquesa.com\\\/es\\\/\",\"name\":\"Azul Tourquesa\",\"description\":\"La vida es un gran viaje\",\"potentialAction\":[{\"@type\":\"SearchAction\",\"target\":{\"@type\":\"EntryPoint\",\"urlTemplate\":\"https:\\\/\\\/azultourquesa.com\\\/es\\\/?s={search_term_string}\"},\"query-input\":{\"@type\":\"PropertyValueSpecification\",\"valueRequired\":true,\"valueName\":\"search_term_string\"}}],\"inLanguage\":\"es-CO\"}]}<\/script>\n<!-- \/ Yoast SEO plugin. -->","yoast_head_json":{"title":"SOBRE M\u00cd | Azul Tourquesa","description":"Viajo para entender, educarme y crecer. Mis ojos, mente y alma me gu\u00edan en este gran viaje que quiero compartir contigo.","robots":{"index":"index","follow":"follow","max-snippet":"max-snippet:-1","max-image-preview":"max-image-preview:large","max-video-preview":"max-video-preview:-1"},"canonical":"https:\/\/azultourquesa.com\/es\/sobre-mi\/","og_locale":"es_ES","og_type":"article","og_title":"SOBRE M\u00cd | Azul Tourquesa","og_description":"Viajo para entender, educarme y crecer. Mis ojos, mente y alma me gu\u00edan en este gran viaje que quiero compartir contigo.","og_url":"https:\/\/azultourquesa.com\/es\/sobre-mi\/","og_site_name":"Azul Tourquesa","article_publisher":"https:\/\/www.facebook.com\/myazultourquesa","article_modified_time":"2025-07-25T14:17:43+00:00","og_image":[{"url":"http:\/\/azultourquesa.com\/wp-content\/uploads\/2025\/06\/FotoMonica-e1429392893776.jpg","type":"","width":"","height":""}],"twitter_card":"summary_large_image","twitter_site":"@myazultourquesa","twitter_misc":{"Tiempo de lectura":"3 minutos"},"schema":{"@context":"https:\/\/schema.org","@graph":[{"@type":"WebPage","@id":"https:\/\/azultourquesa.com\/sobre-mi\/","url":"https:\/\/azultourquesa.com\/sobre-mi\/","name":"SOBRE M\u00cd | Azul Tourquesa","isPartOf":{"@id":"https:\/\/azultourquesa.com\/es\/#website"},"primaryImageOfPage":{"@id":"https:\/\/azultourquesa.com\/sobre-mi\/#primaryimage"},"image":{"@id":"https:\/\/azultourquesa.com\/sobre-mi\/#primaryimage"},"thumbnailUrl":"http:\/\/azultourquesa.com\/wp-content\/uploads\/2025\/06\/FotoMonica-e1429392893776.jpg","datePublished":"2015-04-18T04:42:13+00:00","dateModified":"2025-07-25T14:17:43+00:00","description":"Viajo para entender, educarme y crecer. Mis ojos, mente y alma me gu\u00edan en este gran viaje que quiero compartir contigo.","breadcrumb":{"@id":"https:\/\/azultourquesa.com\/sobre-mi\/#breadcrumb"},"inLanguage":"es-CO","potentialAction":[{"@type":"ReadAction","target":["https:\/\/azultourquesa.com\/sobre-mi\/"]}]},{"@type":"ImageObject","inLanguage":"es-CO","@id":"https:\/\/azultourquesa.com\/sobre-mi\/#primaryimage","url":"http:\/\/azultourquesa.com\/wp-content\/uploads\/2025\/06\/FotoMonica-e1429392893776.jpg","contentUrl":"http:\/\/azultourquesa.com\/wp-content\/uploads\/2025\/06\/FotoMonica-e1429392893776.jpg"},{"@type":"BreadcrumbList","@id":"https:\/\/azultourquesa.com\/sobre-mi\/#breadcrumb","itemListElement":[{"@type":"ListItem","position":1,"name":"Home","item":"https:\/\/azultourquesa.com\/"},{"@type":"ListItem","position":2,"name":"SOBRE M\u00cd"}]},{"@type":"WebSite","@id":"https:\/\/azultourquesa.com\/es\/#website","url":"https:\/\/azultourquesa.com\/es\/","name":"Azul Tourquesa","description":"La vida es un gran viaje","potentialAction":[{"@type":"SearchAction","target":{"@type":"EntryPoint","urlTemplate":"https:\/\/azultourquesa.com\/es\/?s={search_term_string}"},"query-input":{"@type":"PropertyValueSpecification","valueRequired":true,"valueName":"search_term_string"}}],"inLanguage":"es-CO"}]}},"jetpack_sharing_enabled":true,"_links":{"self":[{"href":"https:\/\/azultourquesa.com\/es\/wp-json\/wp\/v2\/pages\/36","targetHints":{"allow":["GET"]}}],"collection":[{"href":"https:\/\/azultourquesa.com\/es\/wp-json\/wp\/v2\/pages"}],"about":[{"href":"https:\/\/azultourquesa.com\/es\/wp-json\/wp\/v2\/types\/page"}],"author":[{"embeddable":true,"href":"https:\/\/azultourquesa.com\/es\/wp-json\/wp\/v2\/users\/1"}],"replies":[{"embeddable":true,"href":"https:\/\/azultourquesa.com\/es\/wp-json\/wp\/v2\/comments?post=36"}],"version-history":[{"count":1,"href":"https:\/\/azultourquesa.com\/es\/wp-json\/wp\/v2\/pages\/36\/revisions"}],"predecessor-version":[{"id":5616,"href":"https:\/\/azultourquesa.com\/es\/wp-json\/wp\/v2\/pages\/36\/revisions\/5616"}],"wp:attachment":[{"href":"https:\/\/azultourquesa.com\/es\/wp-json\/wp\/v2\/media?parent=36"}],"curies":[{"name":"wp","href":"https:\/\/api.w.org\/{rel}","templated":true}]}}